{"id":892,"date":"2024-09-20T09:40:28","date_gmt":"2024-09-20T12:40:28","guid":{"rendered":"https:\/\/construtoraelevacao.com.br\/apresentacao\/?page_id=892"},"modified":"2024-10-01T22:11:42","modified_gmt":"2024-10-02T01:11:42","slug":"nossos-segmentos","status":"publish","type":"page","link":"https:\/\/construtoraelevacao.com.br\/apresentacao\/nossos-segmentos\/","title":{"rendered":"Nossos Segmentos"},"content":{"rendered":"\t\t<div data-elementor-type=\"wp-page\" data-elementor-id=\"892\" class=\"elementor elementor-892\" data-elementor-post-type=\"page\">\n\t\t\t\t<div class=\"elementor-element elementor-element-b3d5d14 e-con-full e-flex e-con e-parent\" data-id=\"b3d5d14\" data-element_type=\"container\" data-e-type=\"container\" data-settings=\"{&quot;background_background&quot;:&quot;classic&quot;}\">\n\t\t<div class=\"elementor-element elementor-element-64892e9 e-con-full e-flex e-con e-child\" data-id=\"64892e9\" data-element_type=\"container\" data-e-type=\"container\" data-settings=\"{&quot;background_background&quot;:&quot;classic&quot;}\">\n\t\t<div class=\"elementor-element elementor-element-1ec3b0d e-con-full e-flex e-con e-child\" data-id=\"1ec3b0d\" data-element_type=\"container\" data-e-type=\"container\">\n\t\t\t\t<div class=\"elementor-element elementor-element-193d341 elementor-widget elementor-widget-heading\" data-id=\"193d341\" data-element_type=\"widget\" data-e-type=\"widget\" data-widget_type=\"heading.default\">\n\t\t\t\t<div class=\"elementor-widget-container\">\n\t\t\t\t\t<h2 class=\"elementor-heading-title elementor-size-default\">NOSSOS<BR>\n<span style=\"color:#03A9F4\">SEGMENTOS<\/span><\/h2>\t\t\t\t<\/div>\n\t\t\t\t<\/div>\n\t\t<div class=\"elementor-element elementor-element-ab8c62a e-con-full e-flex e-con e-child\" data-id=\"ab8c62a\" data-element_type=\"container\" data-e-type=\"container\">\n\t\t<div data-dce-background-color=\"#FFFFFF\" class=\"elementor-element elementor-element-a15501c e-con-full e-flex e-con e-child\" data-id=\"a15501c\" data-element_type=\"container\" data-e-type=\"container\" data-settings=\"{&quot;background_background&quot;:&quot;classic&quot;}\">\n\t\t<div data-dce-background-image-url=\"https:\/\/construtoraelevacao.com.br\/apresentacao\/wp-content\/uploads\/2024\/09\/oleo-e-gas.jpeg\" class=\"elementor-element elementor-element-6ef79af e-con-full e-flex e-con e-child\" data-id=\"6ef79af\" data-element_type=\"container\" data-e-type=\"container\" data-settings=\"{&quot;background_background&quot;:&quot;classic&quot;}\">\n\t\t<div data-dce-background-color=\"#0000B733\" class=\"elementor-element elementor-element-8b12942 e-con-full e-flex e-con e-child\" data-id=\"8b12942\" data-element_type=\"container\" data-e-type=\"container\" data-settings=\"{&quot;background_background&quot;:&quot;classic&quot;}\">\n\t\t\t\t<div class=\"elementor-element elementor-element-bd1874a elementor-view-default elementor-widget elementor-widget-icon\" data-id=\"bd1874a\" data-element_type=\"widget\" data-e-type=\"widget\" data-widget_type=\"icon.default\">\n\t\t\t\t<div class=\"elementor-widget-container\">\n\t\t\t\t\t\t\t<div class=\"elementor-icon-wrapper\">\n\t\t\t<a class=\"elementor-icon\" href=\"#elementor-action%3Aaction%3Dpopup%3Aopen%26settings%3DeyJpZCI6IjEyNjMiLCJ0b2dnbGUiOmZhbHNlfQ%3D%3D\">\n\t\t\t<svg xmlns=\"http:\/\/www.w3.org\/2000\/svg\" width=\"50\" height=\"50\" viewBox=\"0 0 50 50\" fill=\"none\"><path id=\"Vector\" d=\"M40.627 20.3095C40.627 24.7913 39.1718 28.9313 36.7205 32.2902L49.0844 44.6614C50.3052 45.882 50.3052 47.8641 49.0844 49.0846C47.8637 50.3051 45.8811 50.3051 44.6604 49.0846L32.2965 36.7134C28.937 39.1739 24.7961 40.619 20.3135 40.619C9.09224 40.619 0 31.5286 0 20.3095C0 9.09046 9.09224 0 20.3135 0C31.5347 0 40.627 9.09046 40.627 20.3095ZM17.9696 28.902C17.9696 30.2007 19.0146 31.2454 20.3135 31.2454C21.6124 31.2454 22.6574 30.2007 22.6574 28.902V22.6529H28.9077C30.2066 22.6529 31.2515 21.6082 31.2515 20.3095C31.2515 19.0109 30.2066 17.9661 28.9077 17.9661H22.6574V11.717C22.6574 10.4184 21.6124 9.37363 20.3135 9.37363C19.0146 9.37363 17.9696 10.4184 17.9696 11.717V17.9661H11.7193C10.4204 17.9661 9.37546 19.0109 9.37546 20.3095C9.37546 21.6082 10.4204 22.6529 11.7193 22.6529H17.9696V28.902Z\" fill=\"white\"><\/path><\/svg>\t\t\t<\/a>\n\t\t<\/div>\n\t\t\t\t\t\t<\/div>\n\t\t\t\t<\/div>\n\t\t\t\t<\/div>\n\t\t\t\t<\/div>\n\t\t<div class=\"elementor-element elementor-element-2d71f58 e-con-full e-flex e-con e-child\" data-id=\"2d71f58\" data-element_type=\"container\" data-e-type=\"container\">\n\t\t\t\t<div class=\"elementor-element elementor-element-6f19c8f elementor-widget elementor-widget-heading\" data-id=\"6f19c8f\" data-element_type=\"widget\" data-e-type=\"widget\" data-widget_type=\"heading.default\">\n\t\t\t\t<div class=\"elementor-widget-container\">\n\t\t\t\t\t<h2 class=\"elementor-heading-title elementor-size-default\"><a href=\"#elementor-action%3Aaction%3Dpopup%3Aopen%26settings%3DeyJpZCI6IjEyNjMiLCJ0b2dnbGUiOmZhbHNlfQ%3D%3D\">\u00d3leo &amp; G\u00e1s<\/a><\/h2>\t\t\t\t<\/div>\n\t\t\t\t<\/div>\n\t\t\t\t<\/div>\n\t\t\t\t<\/div>\n\t\t<div data-dce-background-color=\"#FFFFFF\" class=\"elementor-element elementor-element-719a8d5 e-con-full e-flex e-con e-child\" data-id=\"719a8d5\" data-element_type=\"container\" data-e-type=\"container\" data-settings=\"{&quot;background_background&quot;:&quot;classic&quot;}\">\n\t\t<div data-dce-background-image-url=\"https:\/\/construtoraelevacao.com.br\/apresentacao\/wp-content\/uploads\/2024\/09\/energia.jpeg\" class=\"elementor-element elementor-element-0e3a9db e-con-full e-flex e-con e-child\" data-id=\"0e3a9db\" data-element_type=\"container\" data-e-type=\"container\" data-settings=\"{&quot;background_background&quot;:&quot;classic&quot;}\">\n\t\t<div data-dce-background-color=\"#0000B733\" class=\"elementor-element elementor-element-42f52e7 e-con-full e-flex e-con e-child\" data-id=\"42f52e7\" data-element_type=\"container\" data-e-type=\"container\" data-settings=\"{&quot;background_background&quot;:&quot;classic&quot;}\">\n\t\t\t\t<div class=\"elementor-element elementor-element-b0d08ff elementor-view-default elementor-widget elementor-widget-icon\" data-id=\"b0d08ff\" data-element_type=\"widget\" data-e-type=\"widget\" data-widget_type=\"icon.default\">\n\t\t\t\t<div class=\"elementor-widget-container\">\n\t\t\t\t\t\t\t<div class=\"elementor-icon-wrapper\">\n\t\t\t<a class=\"elementor-icon\" href=\"#elementor-action%3Aaction%3Dpopup%3Aopen%26settings%3DeyJpZCI6IjEyOTIiLCJ0b2dnbGUiOmZhbHNlfQ%3D%3D\">\n\t\t\t<svg xmlns=\"http:\/\/www.w3.org\/2000\/svg\" width=\"50\" height=\"50\" viewBox=\"0 0 50 50\" fill=\"none\"><path id=\"Vector\" d=\"M40.627 20.3095C40.627 24.7913 39.1718 28.9313 36.7205 32.2902L49.0844 44.6614C50.3052 45.882 50.3052 47.8641 49.0844 49.0846C47.8637 50.3051 45.8811 50.3051 44.6604 49.0846L32.2965 36.7134C28.937 39.1739 24.7961 40.619 20.3135 40.619C9.09224 40.619 0 31.5286 0 20.3095C0 9.09046 9.09224 0 20.3135 0C31.5347 0 40.627 9.09046 40.627 20.3095ZM17.9696 28.902C17.9696 30.2007 19.0146 31.2454 20.3135 31.2454C21.6124 31.2454 22.6574 30.2007 22.6574 28.902V22.6529H28.9077C30.2066 22.6529 31.2515 21.6082 31.2515 20.3095C31.2515 19.0109 30.2066 17.9661 28.9077 17.9661H22.6574V11.717C22.6574 10.4184 21.6124 9.37363 20.3135 9.37363C19.0146 9.37363 17.9696 10.4184 17.9696 11.717V17.9661H11.7193C10.4204 17.9661 9.37546 19.0109 9.37546 20.3095C9.37546 21.6082 10.4204 22.6529 11.7193 22.6529H17.9696V28.902Z\" fill=\"white\"><\/path><\/svg>\t\t\t<\/a>\n\t\t<\/div>\n\t\t\t\t\t\t<\/div>\n\t\t\t\t<\/div>\n\t\t\t\t<\/div>\n\t\t\t\t<\/div>\n\t\t<div class=\"elementor-element elementor-element-5ee7fd5 e-con-full e-flex e-con e-child\" data-id=\"5ee7fd5\" data-element_type=\"container\" data-e-type=\"container\">\n\t\t\t\t<div class=\"elementor-element elementor-element-8d7feec elementor-widget elementor-widget-heading\" data-id=\"8d7feec\" data-element_type=\"widget\" data-e-type=\"widget\" data-widget_type=\"heading.default\">\n\t\t\t\t<div class=\"elementor-widget-container\">\n\t\t\t\t\t<h2 class=\"elementor-heading-title elementor-size-default\"><a href=\"#elementor-action%3Aaction%3Dpopup%3Aopen%26settings%3DeyJpZCI6IjEyOTIiLCJ0b2dnbGUiOmZhbHNlfQ%3D%3D\">Energia<\/a><\/h2>\t\t\t\t<\/div>\n\t\t\t\t<\/div>\n\t\t\t\t<\/div>\n\t\t\t\t<\/div>\n\t\t<div data-dce-background-color=\"#FFFFFF\" class=\"elementor-element elementor-element-43b0a90 e-con-full e-flex e-con e-child\" data-id=\"43b0a90\" data-element_type=\"container\" data-e-type=\"container\" data-settings=\"{&quot;background_background&quot;:&quot;classic&quot;}\">\n\t\t<div data-dce-background-image-url=\"https:\/\/construtoraelevacao.com.br\/apresentacao\/wp-content\/uploads\/2024\/09\/5c27bff6-sabesp_campos_do_jordo_sp_locao_de_ativos_169-1.jpg\" class=\"elementor-element elementor-element-7ec346e e-con-full e-flex e-con e-child\" data-id=\"7ec346e\" data-element_type=\"container\" data-e-type=\"container\" data-settings=\"{&quot;background_background&quot;:&quot;classic&quot;}\">\n\t\t<div data-dce-background-color=\"#0000B733\" class=\"elementor-element elementor-element-77b0c69 e-con-full e-flex e-con e-child\" data-id=\"77b0c69\" data-element_type=\"container\" data-e-type=\"container\" data-settings=\"{&quot;background_background&quot;:&quot;classic&quot;}\">\n\t\t\t\t<div class=\"elementor-element elementor-element-0252621 elementor-view-default elementor-widget elementor-widget-icon\" data-id=\"0252621\" data-element_type=\"widget\" data-e-type=\"widget\" data-widget_type=\"icon.default\">\n\t\t\t\t<div class=\"elementor-widget-container\">\n\t\t\t\t\t\t\t<div class=\"elementor-icon-wrapper\">\n\t\t\t<a class=\"elementor-icon\" href=\"#elementor-action%3Aaction%3Dpopup%3Aopen%26settings%3DeyJpZCI6IjEyOTQiLCJ0b2dnbGUiOmZhbHNlfQ%3D%3D\">\n\t\t\t<svg xmlns=\"http:\/\/www.w3.org\/2000\/svg\" width=\"50\" height=\"50\" viewBox=\"0 0 50 50\" fill=\"none\"><path id=\"Vector\" d=\"M40.627 20.3095C40.627 24.7913 39.1718 28.9313 36.7205 32.2902L49.0844 44.6614C50.3052 45.882 50.3052 47.8641 49.0844 49.0846C47.8637 50.3051 45.8811 50.3051 44.6604 49.0846L32.2965 36.7134C28.937 39.1739 24.7961 40.619 20.3135 40.619C9.09224 40.619 0 31.5286 0 20.3095C0 9.09046 9.09224 0 20.3135 0C31.5347 0 40.627 9.09046 40.627 20.3095ZM17.9696 28.902C17.9696 30.2007 19.0146 31.2454 20.3135 31.2454C21.6124 31.2454 22.6574 30.2007 22.6574 28.902V22.6529H28.9077C30.2066 22.6529 31.2515 21.6082 31.2515 20.3095C31.2515 19.0109 30.2066 17.9661 28.9077 17.9661H22.6574V11.717C22.6574 10.4184 21.6124 9.37363 20.3135 9.37363C19.0146 9.37363 17.9696 10.4184 17.9696 11.717V17.9661H11.7193C10.4204 17.9661 9.37546 19.0109 9.37546 20.3095C9.37546 21.6082 10.4204 22.6529 11.7193 22.6529H17.9696V28.902Z\" fill=\"white\"><\/path><\/svg>\t\t\t<\/a>\n\t\t<\/div>\n\t\t\t\t\t\t<\/div>\n\t\t\t\t<\/div>\n\t\t\t\t<\/div>\n\t\t\t\t<\/div>\n\t\t<div class=\"elementor-element elementor-element-a4d95fa e-con-full e-flex e-con e-child\" data-id=\"a4d95fa\" data-element_type=\"container\" data-e-type=\"container\">\n\t\t\t\t<div class=\"elementor-element elementor-element-aea7941 elementor-widget elementor-widget-heading\" data-id=\"aea7941\" data-element_type=\"widget\" data-e-type=\"widget\" data-widget_type=\"heading.default\">\n\t\t\t\t<div class=\"elementor-widget-container\">\n\t\t\t\t\t<h2 class=\"elementor-heading-title elementor-size-default\"><a href=\"#elementor-action%3Aaction%3Dpopup%3Aopen%26settings%3DeyJpZCI6IjEyOTQiLCJ0b2dnbGUiOmZhbHNlfQ%3D%3D\">Montagem Eletromec\u00e2nica\n<\/a><\/h2>\t\t\t\t<\/div>\n\t\t\t\t<\/div>\n\t\t\t\t<\/div>\n\t\t\t\t<\/div>\n\t\t<div data-dce-background-color=\"#FFFFFF\" class=\"elementor-element elementor-element-23f5198 e-con-full e-flex e-con e-child\" data-id=\"23f5198\" data-element_type=\"container\" data-e-type=\"container\" data-settings=\"{&quot;background_background&quot;:&quot;classic&quot;}\">\n\t\t<div data-dce-background-image-url=\"https:\/\/construtoraelevacao.com.br\/apresentacao\/wp-content\/uploads\/2024\/09\/saneamento.jpeg\" class=\"elementor-element elementor-element-2f38e48 e-con-full e-flex e-con e-child\" data-id=\"2f38e48\" data-element_type=\"container\" data-e-type=\"container\" data-settings=\"{&quot;background_background&quot;:&quot;classic&quot;}\">\n\t\t<div data-dce-background-color=\"#0000B733\" class=\"elementor-element elementor-element-27920a5 e-con-full e-flex e-con e-child\" data-id=\"27920a5\" data-element_type=\"container\" data-e-type=\"container\" data-settings=\"{&quot;background_background&quot;:&quot;classic&quot;}\">\n\t\t\t\t<div class=\"elementor-element elementor-element-3c209c6 elementor-view-default elementor-widget elementor-widget-icon\" data-id=\"3c209c6\" data-element_type=\"widget\" data-e-type=\"widget\" data-widget_type=\"icon.default\">\n\t\t\t\t<div class=\"elementor-widget-container\">\n\t\t\t\t\t\t\t<div class=\"elementor-icon-wrapper\">\n\t\t\t<a class=\"elementor-icon\" href=\"#elementor-action%3Aaction%3Dpopup%3Aopen%26settings%3DeyJpZCI6IjEyOTYiLCJ0b2dnbGUiOmZhbHNlfQ%3D%3D\">\n\t\t\t<svg xmlns=\"http:\/\/www.w3.org\/2000\/svg\" width=\"50\" height=\"50\" viewBox=\"0 0 50 50\" fill=\"none\"><path id=\"Vector\" d=\"M40.627 20.3095C40.627 24.7913 39.1718 28.9313 36.7205 32.2902L49.0844 44.6614C50.3052 45.882 50.3052 47.8641 49.0844 49.0846C47.8637 50.3051 45.8811 50.3051 44.6604 49.0846L32.2965 36.7134C28.937 39.1739 24.7961 40.619 20.3135 40.619C9.09224 40.619 0 31.5286 0 20.3095C0 9.09046 9.09224 0 20.3135 0C31.5347 0 40.627 9.09046 40.627 20.3095ZM17.9696 28.902C17.9696 30.2007 19.0146 31.2454 20.3135 31.2454C21.6124 31.2454 22.6574 30.2007 22.6574 28.902V22.6529H28.9077C30.2066 22.6529 31.2515 21.6082 31.2515 20.3095C31.2515 19.0109 30.2066 17.9661 28.9077 17.9661H22.6574V11.717C22.6574 10.4184 21.6124 9.37363 20.3135 9.37363C19.0146 9.37363 17.9696 10.4184 17.9696 11.717V17.9661H11.7193C10.4204 17.9661 9.37546 19.0109 9.37546 20.3095C9.37546 21.6082 10.4204 22.6529 11.7193 22.6529H17.9696V28.902Z\" fill=\"white\"><\/path><\/svg>\t\t\t<\/a>\n\t\t<\/div>\n\t\t\t\t\t\t<\/div>\n\t\t\t\t<\/div>\n\t\t\t\t<\/div>\n\t\t\t\t<\/div>\n\t\t<div class=\"elementor-element elementor-element-fd5735c e-con-full e-flex e-con e-child\" data-id=\"fd5735c\" data-element_type=\"container\" data-e-type=\"container\">\n\t\t\t\t<div class=\"elementor-element elementor-element-67527f4 elementor-widget elementor-widget-heading\" data-id=\"67527f4\" data-element_type=\"widget\" data-e-type=\"widget\" data-widget_type=\"heading.default\">\n\t\t\t\t<div class=\"elementor-widget-container\">\n\t\t\t\t\t<h2 class=\"elementor-heading-title elementor-size-default\"><a href=\"#elementor-action%3Aaction%3Dpopup%3Aopen%26settings%3DeyJpZCI6IjEyOTYiLCJ0b2dnbGUiOmZhbHNlfQ%3D%3D\">Saneamento\n<\/a><\/h2>\t\t\t\t<\/div>\n\t\t\t\t<\/div>\n\t\t\t\t<\/div>\n\t\t\t\t<\/div>\n\t\t\t\t<\/div>\n\t\t<div class=\"elementor-element elementor-element-633b56c e-con-full e-flex e-con e-child\" data-id=\"633b56c\" data-element_type=\"container\" data-e-type=\"container\">\n\t\t<div data-dce-background-color=\"#FFFFFF\" class=\"elementor-element elementor-element-e7d0a2b e-con-full e-flex e-con e-child\" data-id=\"e7d0a2b\" data-element_type=\"container\" data-e-type=\"container\" data-settings=\"{&quot;background_background&quot;:&quot;classic&quot;}\">\n\t\t<div data-dce-background-image-url=\"https:\/\/construtoraelevacao.com.br\/apresentacao\/wp-content\/uploads\/2024\/09\/papel-e-celulose.jpeg\" class=\"elementor-element elementor-element-e9260ba e-con-full e-flex e-con e-child\" data-id=\"e9260ba\" data-element_type=\"container\" data-e-type=\"container\" data-settings=\"{&quot;background_background&quot;:&quot;classic&quot;}\">\n\t\t<div data-dce-background-color=\"#0000B733\" class=\"elementor-element elementor-element-76c38cf e-con-full e-flex e-con e-child\" data-id=\"76c38cf\" data-element_type=\"container\" data-e-type=\"container\" data-settings=\"{&quot;background_background&quot;:&quot;classic&quot;}\">\n\t\t\t\t<div class=\"elementor-element elementor-element-2192777 elementor-view-default elementor-widget elementor-widget-icon\" data-id=\"2192777\" data-element_type=\"widget\" data-e-type=\"widget\" data-widget_type=\"icon.default\">\n\t\t\t\t<div class=\"elementor-widget-container\">\n\t\t\t\t\t\t\t<div class=\"elementor-icon-wrapper\">\n\t\t\t<a class=\"elementor-icon\" href=\"#elementor-action%3Aaction%3Dpopup%3Aopen%26settings%3DeyJpZCI6IjEyOTgiLCJ0b2dnbGUiOmZhbHNlfQ%3D%3D\">\n\t\t\t<svg xmlns=\"http:\/\/www.w3.org\/2000\/svg\" width=\"50\" height=\"50\" viewBox=\"0 0 50 50\" fill=\"none\"><path id=\"Vector\" d=\"M40.627 20.3095C40.627 24.7913 39.1718 28.9313 36.7205 32.2902L49.0844 44.6614C50.3052 45.882 50.3052 47.8641 49.0844 49.0846C47.8637 50.3051 45.8811 50.3051 44.6604 49.0846L32.2965 36.7134C28.937 39.1739 24.7961 40.619 20.3135 40.619C9.09224 40.619 0 31.5286 0 20.3095C0 9.09046 9.09224 0 20.3135 0C31.5347 0 40.627 9.09046 40.627 20.3095ZM17.9696 28.902C17.9696 30.2007 19.0146 31.2454 20.3135 31.2454C21.6124 31.2454 22.6574 30.2007 22.6574 28.902V22.6529H28.9077C30.2066 22.6529 31.2515 21.6082 31.2515 20.3095C31.2515 19.0109 30.2066 17.9661 28.9077 17.9661H22.6574V11.717C22.6574 10.4184 21.6124 9.37363 20.3135 9.37363C19.0146 9.37363 17.9696 10.4184 17.9696 11.717V17.9661H11.7193C10.4204 17.9661 9.37546 19.0109 9.37546 20.3095C9.37546 21.6082 10.4204 22.6529 11.7193 22.6529H17.9696V28.902Z\" fill=\"white\"><\/path><\/svg>\t\t\t<\/a>\n\t\t<\/div>\n\t\t\t\t\t\t<\/div>\n\t\t\t\t<\/div>\n\t\t\t\t<\/div>\n\t\t\t\t<\/div>\n\t\t<div class=\"elementor-element elementor-element-033b88a e-con-full e-flex e-con e-child\" data-id=\"033b88a\" data-element_type=\"container\" data-e-type=\"container\">\n\t\t\t\t<div class=\"elementor-element elementor-element-485e98d elementor-widget elementor-widget-heading\" data-id=\"485e98d\" data-element_type=\"widget\" data-e-type=\"widget\" data-widget_type=\"heading.default\">\n\t\t\t\t<div class=\"elementor-widget-container\">\n\t\t\t\t\t<h2 class=\"elementor-heading-title elementor-size-default\"><a href=\"#elementor-action%3Aaction%3Dpopup%3Aopen%26settings%3DeyJpZCI6IjEyOTgiLCJ0b2dnbGUiOmZhbHNlfQ%3D%3D\">Papel e Celulose\n<\/a><\/h2>\t\t\t\t<\/div>\n\t\t\t\t<\/div>\n\t\t\t\t<\/div>\n\t\t\t\t<\/div>\n\t\t<div data-dce-background-color=\"#FFFFFF\" class=\"elementor-element elementor-element-724825e e-con-full e-flex e-con e-child\" data-id=\"724825e\" data-element_type=\"container\" data-e-type=\"container\" data-settings=\"{&quot;background_background&quot;:&quot;classic&quot;}\">\n\t\t<div data-dce-background-image-url=\"https:\/\/construtoraelevacao.com.br\/apresentacao\/wp-content\/uploads\/2024\/09\/mineracao.jpeg\" class=\"elementor-element elementor-element-25864c4 e-con-full e-flex e-con e-child\" data-id=\"25864c4\" data-element_type=\"container\" data-e-type=\"container\" data-settings=\"{&quot;background_background&quot;:&quot;classic&quot;}\">\n\t\t<div data-dce-background-color=\"#0000B733\" class=\"elementor-element elementor-element-17f2288 e-con-full e-flex e-con e-child\" data-id=\"17f2288\" data-element_type=\"container\" data-e-type=\"container\" data-settings=\"{&quot;background_background&quot;:&quot;classic&quot;}\">\n\t\t\t\t<div class=\"elementor-element elementor-element-a336f92 elementor-view-default elementor-widget elementor-widget-icon\" data-id=\"a336f92\" data-element_type=\"widget\" data-e-type=\"widget\" data-widget_type=\"icon.default\">\n\t\t\t\t<div class=\"elementor-widget-container\">\n\t\t\t\t\t\t\t<div class=\"elementor-icon-wrapper\">\n\t\t\t<a class=\"elementor-icon\" href=\"#elementor-action%3Aaction%3Dpopup%3Aopen%26settings%3DeyJpZCI6IjEzMDAiLCJ0b2dnbGUiOmZhbHNlfQ%3D%3D\">\n\t\t\t<svg xmlns=\"http:\/\/www.w3.org\/2000\/svg\" width=\"50\" height=\"50\" viewBox=\"0 0 50 50\" fill=\"none\"><path id=\"Vector\" d=\"M40.627 20.3095C40.627 24.7913 39.1718 28.9313 36.7205 32.2902L49.0844 44.6614C50.3052 45.882 50.3052 47.8641 49.0844 49.0846C47.8637 50.3051 45.8811 50.3051 44.6604 49.0846L32.2965 36.7134C28.937 39.1739 24.7961 40.619 20.3135 40.619C9.09224 40.619 0 31.5286 0 20.3095C0 9.09046 9.09224 0 20.3135 0C31.5347 0 40.627 9.09046 40.627 20.3095ZM17.9696 28.902C17.9696 30.2007 19.0146 31.2454 20.3135 31.2454C21.6124 31.2454 22.6574 30.2007 22.6574 28.902V22.6529H28.9077C30.2066 22.6529 31.2515 21.6082 31.2515 20.3095C31.2515 19.0109 30.2066 17.9661 28.9077 17.9661H22.6574V11.717C22.6574 10.4184 21.6124 9.37363 20.3135 9.37363C19.0146 9.37363 17.9696 10.4184 17.9696 11.717V17.9661H11.7193C10.4204 17.9661 9.37546 19.0109 9.37546 20.3095C9.37546 21.6082 10.4204 22.6529 11.7193 22.6529H17.9696V28.902Z\" fill=\"white\"><\/path><\/svg>\t\t\t<\/a>\n\t\t<\/div>\n\t\t\t\t\t\t<\/div>\n\t\t\t\t<\/div>\n\t\t\t\t<\/div>\n\t\t\t\t<\/div>\n\t\t<div class=\"elementor-element elementor-element-d03840c e-con-full e-flex e-con e-child\" data-id=\"d03840c\" data-element_type=\"container\" data-e-type=\"container\">\n\t\t\t\t<div class=\"elementor-element elementor-element-ad4691b elementor-widget elementor-widget-heading\" data-id=\"ad4691b\" data-element_type=\"widget\" data-e-type=\"widget\" data-widget_type=\"heading.default\">\n\t\t\t\t<div class=\"elementor-widget-container\">\n\t\t\t\t\t<h2 class=\"elementor-heading-title elementor-size-default\"><a href=\"#elementor-action%3Aaction%3Dpopup%3Aopen%26settings%3DeyJpZCI6IjEzMDAiLCJ0b2dnbGUiOmZhbHNlfQ%3D%3D\">Minera\u00e7\u00e3o<\/a><\/h2>\t\t\t\t<\/div>\n\t\t\t\t<\/div>\n\t\t\t\t<\/div>\n\t\t\t\t<\/div>\n\t\t<div data-dce-background-color=\"#FFFFFF\" class=\"elementor-element elementor-element-eb8ec93 e-con-full e-flex e-con e-child\" data-id=\"eb8ec93\" data-element_type=\"container\" data-e-type=\"container\" data-settings=\"{&quot;background_background&quot;:&quot;classic&quot;}\">\n\t\t<div data-dce-background-image-url=\"https:\/\/construtoraelevacao.com.br\/apresentacao\/wp-content\/uploads\/2024\/09\/telefonia.jpeg\" class=\"elementor-element elementor-element-76af168 e-con-full e-flex e-con e-child\" data-id=\"76af168\" data-element_type=\"container\" data-e-type=\"container\" data-settings=\"{&quot;background_background&quot;:&quot;classic&quot;}\">\n\t\t<div data-dce-background-color=\"#0000B733\" class=\"elementor-element elementor-element-14a2191 e-con-full e-flex e-con e-child\" data-id=\"14a2191\" data-element_type=\"container\" data-e-type=\"container\" data-settings=\"{&quot;background_background&quot;:&quot;classic&quot;}\">\n\t\t\t\t<div class=\"elementor-element elementor-element-74a78a2 elementor-view-default elementor-widget elementor-widget-icon\" data-id=\"74a78a2\" data-element_type=\"widget\" data-e-type=\"widget\" data-widget_type=\"icon.default\">\n\t\t\t\t<div class=\"elementor-widget-container\">\n\t\t\t\t\t\t\t<div class=\"elementor-icon-wrapper\">\n\t\t\t<a class=\"elementor-icon\" href=\"#elementor-action%3Aaction%3Dpopup%3Aopen%26settings%3DeyJpZCI6IjEzMDIiLCJ0b2dnbGUiOmZhbHNlfQ%3D%3D\">\n\t\t\t<svg xmlns=\"http:\/\/www.w3.org\/2000\/svg\" width=\"50\" height=\"50\" viewBox=\"0 0 50 50\" fill=\"none\"><path id=\"Vector\" d=\"M40.627 20.3095C40.627 24.7913 39.1718 28.9313 36.7205 32.2902L49.0844 44.6614C50.3052 45.882 50.3052 47.8641 49.0844 49.0846C47.8637 50.3051 45.8811 50.3051 44.6604 49.0846L32.2965 36.7134C28.937 39.1739 24.7961 40.619 20.3135 40.619C9.09224 40.619 0 31.5286 0 20.3095C0 9.09046 9.09224 0 20.3135 0C31.5347 0 40.627 9.09046 40.627 20.3095ZM17.9696 28.902C17.9696 30.2007 19.0146 31.2454 20.3135 31.2454C21.6124 31.2454 22.6574 30.2007 22.6574 28.902V22.6529H28.9077C30.2066 22.6529 31.2515 21.6082 31.2515 20.3095C31.2515 19.0109 30.2066 17.9661 28.9077 17.9661H22.6574V11.717C22.6574 10.4184 21.6124 9.37363 20.3135 9.37363C19.0146 9.37363 17.9696 10.4184 17.9696 11.717V17.9661H11.7193C10.4204 17.9661 9.37546 19.0109 9.37546 20.3095C9.37546 21.6082 10.4204 22.6529 11.7193 22.6529H17.9696V28.902Z\" fill=\"white\"><\/path><\/svg>\t\t\t<\/a>\n\t\t<\/div>\n\t\t\t\t\t\t<\/div>\n\t\t\t\t<\/div>\n\t\t\t\t<\/div>\n\t\t\t\t<\/div>\n\t\t<div class=\"elementor-element elementor-element-2d37669 e-con-full e-flex e-con e-child\" data-id=\"2d37669\" data-element_type=\"container\" data-e-type=\"container\">\n\t\t\t\t<div class=\"elementor-element elementor-element-0ad780a elementor-widget elementor-widget-heading\" data-id=\"0ad780a\" data-element_type=\"widget\" data-e-type=\"widget\" data-widget_type=\"heading.default\">\n\t\t\t\t<div class=\"elementor-widget-container\">\n\t\t\t\t\t<h2 class=\"elementor-heading-title elementor-size-default\"><a href=\"#elementor-action%3Aaction%3Dpopup%3Aopen%26settings%3DeyJpZCI6IjEzMDIiLCJ0b2dnbGUiOmZhbHNlfQ%3D%3D\">Telefonia<\/a><\/h2>\t\t\t\t<\/div>\n\t\t\t\t<\/div>\n\t\t\t\t<\/div>\n\t\t\t\t<\/div>\n\t\t<div class=\"elementor-element elementor-element-e71bf4a e-con-full e-flex e-con e-child\" data-id=\"e71bf4a\" data-element_type=\"container\" data-e-type=\"container\" data-settings=\"{&quot;background_background&quot;:&quot;classic&quot;}\">\n\t\t\t\t<\/div>\n\t\t\t\t<\/div>\n\t\t\t\t<\/div>\n\t\t\t\t<\/div>\n\t\t\t\t<\/div>\n\t\t\t\t<\/div>\n\t\t","protected":false},"excerpt":{"rendered":"<p>NOSSOS SEGMENTOS \u00d3leo &#038; G\u00e1s Energia Montagem Eletromec\u00e2nica Saneamento Papel e Celulose Minera\u00e7\u00e3o Telefonia<\/p>\n","protected":false},"author":3,"featured_media":0,"parent":0,"menu_order":0,"comment_status":"closed","ping_status":"closed","template":"","meta":{"_acf_changed":false,"pgc_sgb_lightbox_settings":"","footnotes":""},"class_list":["post-892","page","type-page","status-publish","hentry"],"acf":[],"_links":{"self":[{"href":"https:\/\/construtoraelevacao.com.br\/apresentacao\/wp-json\/wp\/v2\/pages\/892","targetHints":{"allow":["GET"]}}],"collection":[{"href":"https:\/\/construtoraelevacao.com.br\/apresentacao\/wp-json\/wp\/v2\/pages"}],"about":[{"href":"https:\/\/construtoraelevacao.com.br\/apresentacao\/wp-json\/wp\/v2\/types\/page"}],"author":[{"embeddable":true,"href":"https:\/\/construtoraelevacao.com.br\/apresentacao\/wp-json\/wp\/v2\/users\/3"}],"replies":[{"embeddable":true,"href":"https:\/\/construtoraelevacao.com.br\/apresentacao\/wp-json\/wp\/v2\/comments?post=892"}],"version-history":[{"count":112,"href":"https:\/\/construtoraelevacao.com.br\/apresentacao\/wp-json\/wp\/v2\/pages\/892\/revisions"}],"predecessor-version":[{"id":2576,"href":"https:\/\/construtoraelevacao.com.br\/apresentacao\/wp-json\/wp\/v2\/pages\/892\/revisions\/2576"}],"wp:attachment":[{"href":"https:\/\/construtoraelevacao.com.br\/apresentacao\/wp-json\/wp\/v2\/media?parent=892"}],"curies":[{"name":"wp","href":"https:\/\/api.w.org\/{rel}","templated":true}]}}