{"id":1890,"date":"2024-09-22T16:40:11","date_gmt":"2024-09-22T19:40:11","guid":{"rendered":"https:\/\/construtoraelevacao.com.br\/apresentacao\/?page_id=1890"},"modified":"2024-10-01T22:27:05","modified_gmt":"2024-10-02T01:27:05","slug":"responsabilidade-social","status":"publish","type":"page","link":"https:\/\/construtoraelevacao.com.br\/apresentacao\/responsabilidade-social\/","title":{"rendered":"Responsabilidade Social"},"content":{"rendered":"\t\t<div data-elementor-type=\"wp-page\" data-elementor-id=\"1890\" class=\"elementor elementor-1890\" data-elementor-post-type=\"page\">\n\t\t\t\t<div class=\"elementor-element elementor-element-9337070 e-con-full e-flex e-con e-parent\" data-id=\"9337070\" data-element_type=\"container\" data-e-type=\"container\" data-settings=\"{&quot;background_background&quot;:&quot;classic&quot;}\">\n\t\t<div class=\"elementor-element elementor-element-a3843df e-con-full e-flex e-con e-child\" data-id=\"a3843df\" data-element_type=\"container\" data-e-type=\"container\" data-settings=\"{&quot;background_background&quot;:&quot;classic&quot;}\">\n\t\t<div class=\"elementor-element elementor-element-7a949a9 e-con-full e-flex e-con e-child\" data-id=\"7a949a9\" data-element_type=\"container\" data-e-type=\"container\">\n\t\t<div class=\"elementor-element elementor-element-32e47fe e-con-full e-flex e-con e-child\" data-id=\"32e47fe\" data-element_type=\"container\" data-e-type=\"container\">\n\t\t<div class=\"elementor-element elementor-element-6bc9960 e-con-full e-flex e-con e-child\" data-id=\"6bc9960\" data-element_type=\"container\" data-e-type=\"container\">\n\t\t\t\t<div class=\"elementor-element elementor-element-210d19f elementor-widget elementor-widget-heading\" data-id=\"210d19f\" data-element_type=\"widget\" data-e-type=\"widget\" data-widget_type=\"heading.default\">\n\t\t\t\t<div class=\"elementor-widget-container\">\n\t\t\t\t\t<h2 class=\"elementor-heading-title elementor-size-default\">RESPONSABILIDADE<BR>\n<span style=\"color:#03A9F4\">SOCIAL<\/span><\/h2>\t\t\t\t<\/div>\n\t\t\t\t<\/div>\n\t\t\t\t<\/div>\n\t\t<div data-dce-background-color=\"#FFFFFF\" class=\"elementor-element elementor-element-67297d6 e-con-full e-flex e-con e-child\" data-id=\"67297d6\" data-element_type=\"container\" data-e-type=\"container\" data-settings=\"{&quot;background_background&quot;:&quot;classic&quot;}\">\n\t\t\t\t<div class=\"elementor-element elementor-element-2d3e99e dce_masking-none elementor-widget elementor-widget-image\" data-id=\"2d3e99e\" data-element_type=\"widget\" data-e-type=\"widget\" data-widget_type=\"image.default\">\n\t\t\t\t<div class=\"elementor-widget-container\">\n\t\t\t\t\t\t\t\t\t\t\t\t\t\t\t<img fetchpriority=\"high\" decoding=\"async\" width=\"800\" height=\"800\" src=\"https:\/\/construtoraelevacao.com.br\/apresentacao\/wp-content\/uploads\/2024\/09\/Logo-PDMO.png\" class=\"attachment-large size-large wp-image-2234\" alt=\"\" srcset=\"https:\/\/construtoraelevacao.com.br\/apresentacao\/wp-content\/uploads\/2024\/09\/Logo-PDMO.png 927w, https:\/\/construtoraelevacao.com.br\/apresentacao\/wp-content\/uploads\/2024\/09\/Logo-PDMO-300x300.png 300w, https:\/\/construtoraelevacao.com.br\/apresentacao\/wp-content\/uploads\/2024\/09\/Logo-PDMO-150x150.png 150w, https:\/\/construtoraelevacao.com.br\/apresentacao\/wp-content\/uploads\/2024\/09\/Logo-PDMO-768x768.png 768w\" sizes=\"(max-width: 800px) 100vw, 800px\" \/>\t\t\t\t\t\t\t\t\t\t\t\t\t\t\t<\/div>\n\t\t\t\t<\/div>\n\t\t\t\t<\/div>\n\t\t<div data-dce-background-color=\"#FFFFFF\" class=\"elementor-element elementor-element-e778b99 e-con-full e-flex e-con e-child\" data-id=\"e778b99\" data-element_type=\"container\" data-e-type=\"container\" data-settings=\"{&quot;background_background&quot;:&quot;classic&quot;}\">\n\t\t\t\t<div class=\"elementor-element elementor-element-9f229a6 dce_masking-none elementor-widget elementor-widget-image\" data-id=\"9f229a6\" data-element_type=\"widget\" data-e-type=\"widget\" data-widget_type=\"image.default\">\n\t\t\t\t<div class=\"elementor-widget-container\">\n\t\t\t\t\t\t\t\t\t\t\t\t\t\t\t<img decoding=\"async\" width=\"800\" height=\"638\" src=\"https:\/\/construtoraelevacao.com.br\/apresentacao\/wp-content\/uploads\/2024\/09\/Logo-Eleva-Rede-1024x817.png\" class=\"attachment-large size-large wp-image-2214\" alt=\"\" srcset=\"https:\/\/construtoraelevacao.com.br\/apresentacao\/wp-content\/uploads\/2024\/09\/Logo-Eleva-Rede-1024x817.png 1024w, https:\/\/construtoraelevacao.com.br\/apresentacao\/wp-content\/uploads\/2024\/09\/Logo-Eleva-Rede-300x239.png 300w, https:\/\/construtoraelevacao.com.br\/apresentacao\/wp-content\/uploads\/2024\/09\/Logo-Eleva-Rede-768x613.png 768w, https:\/\/construtoraelevacao.com.br\/apresentacao\/wp-content\/uploads\/2024\/09\/Logo-Eleva-Rede.png 1323w\" sizes=\"(max-width: 800px) 100vw, 800px\" \/>\t\t\t\t\t\t\t\t\t\t\t\t\t\t\t<\/div>\n\t\t\t\t<\/div>\n\t\t\t\t<\/div>\n\t\t\t\t<\/div>\n\t\t\t\t<div class=\"elementor-element elementor-element-810fcfb elementor-widget elementor-widget-heading\" data-id=\"810fcfb\" data-element_type=\"widget\" data-e-type=\"widget\" data-widget_type=\"heading.default\">\n\t\t\t\t<div class=\"elementor-widget-container\">\n\t\t\t\t\t<h2 class=\"elementor-heading-title elementor-size-default\">Impactamos positivamente as comunidades onde atuamos com a\u00e7\u00f5es que promovem o desenvolvimento sustent\u00e1vel e social, como:<\/h2>\t\t\t\t<\/div>\n\t\t\t\t<\/div>\n\t\t\t\t<div class=\"elementor-element elementor-element-a65bd40 elementor-icon-list--layout-traditional elementor-list-item-link-full_width elementor-widget elementor-widget-icon-list\" data-id=\"a65bd40\" data-element_type=\"widget\" data-e-type=\"widget\" data-widget_type=\"icon-list.default\">\n\t\t\t\t<div class=\"elementor-widget-container\">\n\t\t\t\t\t\t\t<ul class=\"elementor-icon-list-items\">\n\t\t\t\t\t\t\t<li class=\"elementor-icon-list-item\">\n\t\t\t\t\t\t\t\t\t\t\t<span class=\"elementor-icon-list-icon\">\n\t\t\t\t\t\t\t<svg xmlns=\"http:\/\/www.w3.org\/2000\/svg\" width=\"40\" height=\"24\" viewBox=\"0 0 40 24\" fill=\"none\"><path d=\"M39.163 0.703015C40.279 1.64037 40.279 3.16263 39.163 4.09998L16.3084 23.297C15.1925 24.2343 13.3802 24.2343 12.2643 23.297L0.83696 13.6985C-0.278987 12.7611 -0.278987 11.2389 0.83696 10.3015C1.95291 9.36416 3.7652 9.36416 4.88115 10.3015L14.2908 18.1978L35.1278 0.703015C36.2437 -0.234338 38.056 -0.234338 39.172 0.703015H39.163Z\" fill=\"#03A9F4\"><\/path><\/svg>\t\t\t\t\t\t<\/span>\n\t\t\t\t\t\t\t\t\t\t<span class=\"elementor-icon-list-text\">Doa\u00e7\u00f5es para Centros de Assist\u00eancia Social e Escolas Municipais;<\/span>\n\t\t\t\t\t\t\t\t\t<\/li>\n\t\t\t\t\t\t\t\t<li class=\"elementor-icon-list-item\">\n\t\t\t\t\t\t\t\t\t\t\t<span class=\"elementor-icon-list-icon\">\n\t\t\t\t\t\t\t<svg xmlns=\"http:\/\/www.w3.org\/2000\/svg\" width=\"40\" height=\"24\" viewBox=\"0 0 40 24\" fill=\"none\"><path d=\"M39.163 0.703015C40.279 1.64037 40.279 3.16263 39.163 4.09998L16.3084 23.297C15.1925 24.2343 13.3802 24.2343 12.2643 23.297L0.83696 13.6985C-0.278987 12.7611 -0.278987 11.2389 0.83696 10.3015C1.95291 9.36416 3.7652 9.36416 4.88115 10.3015L14.2908 18.1978L35.1278 0.703015C36.2437 -0.234338 38.056 -0.234338 39.172 0.703015H39.163Z\" fill=\"#03A9F4\"><\/path><\/svg>\t\t\t\t\t\t<\/span>\n\t\t\t\t\t\t\t\t\t\t<span class=\"elementor-icon-list-text\">Apoio a eventos esportivos;<\/span>\n\t\t\t\t\t\t\t\t\t<\/li>\n\t\t\t\t\t\t\t\t<li class=\"elementor-icon-list-item\">\n\t\t\t\t\t\t\t\t\t\t\t<span class=\"elementor-icon-list-icon\">\n\t\t\t\t\t\t\t<svg xmlns=\"http:\/\/www.w3.org\/2000\/svg\" width=\"40\" height=\"24\" viewBox=\"0 0 40 24\" fill=\"none\"><path d=\"M39.163 0.703015C40.279 1.64037 40.279 3.16263 39.163 4.09998L16.3084 23.297C15.1925 24.2343 13.3802 24.2343 12.2643 23.297L0.83696 13.6985C-0.278987 12.7611 -0.278987 11.2389 0.83696 10.3015C1.95291 9.36416 3.7652 9.36416 4.88115 10.3015L14.2908 18.1978L35.1278 0.703015C36.2437 -0.234338 38.056 -0.234338 39.172 0.703015H39.163Z\" fill=\"#03A9F4\"><\/path><\/svg>\t\t\t\t\t\t<\/span>\n\t\t\t\t\t\t\t\t\t\t<span class=\"elementor-icon-list-text\">Arrecada\u00e7\u00e3o para OSCs e reposi\u00e7\u00e3o florestal;<\/span>\n\t\t\t\t\t\t\t\t\t<\/li>\n\t\t\t\t\t\t\t\t<li class=\"elementor-icon-list-item\">\n\t\t\t\t\t\t\t\t\t\t\t<span class=\"elementor-icon-list-icon\">\n\t\t\t\t\t\t\t<svg xmlns=\"http:\/\/www.w3.org\/2000\/svg\" width=\"40\" height=\"24\" viewBox=\"0 0 40 24\" fill=\"none\"><path d=\"M39.163 0.703015C40.279 1.64037 40.279 3.16263 39.163 4.09998L16.3084 23.297C15.1925 24.2343 13.3802 24.2343 12.2643 23.297L0.83696 13.6985C-0.278987 12.7611 -0.278987 11.2389 0.83696 10.3015C1.95291 9.36416 3.7652 9.36416 4.88115 10.3015L14.2908 18.1978L35.1278 0.703015C36.2437 -0.234338 38.056 -0.234338 39.172 0.703015H39.163Z\" fill=\"#03A9F4\"><\/path><\/svg>\t\t\t\t\t\t<\/span>\n\t\t\t\t\t\t\t\t\t\t<span class=\"elementor-icon-list-text\">A\u00e7\u00f5es de conscientiza\u00e7\u00e3o ambiental em escolas;<\/span>\n\t\t\t\t\t\t\t\t\t<\/li>\n\t\t\t\t\t\t\t\t<li class=\"elementor-icon-list-item\">\n\t\t\t\t\t\t\t\t\t\t\t<span class=\"elementor-icon-list-icon\">\n\t\t\t\t\t\t\t<svg xmlns=\"http:\/\/www.w3.org\/2000\/svg\" width=\"40\" height=\"24\" viewBox=\"0 0 40 24\" fill=\"none\"><path d=\"M39.163 0.703015C40.279 1.64037 40.279 3.16263 39.163 4.09998L16.3084 23.297C15.1925 24.2343 13.3802 24.2343 12.2643 23.297L0.83696 13.6985C-0.278987 12.7611 -0.278987 11.2389 0.83696 10.3015C1.95291 9.36416 3.7652 9.36416 4.88115 10.3015L14.2908 18.1978L35.1278 0.703015C36.2437 -0.234338 38.056 -0.234338 39.172 0.703015H39.163Z\" fill=\"#03A9F4\"><\/path><\/svg>\t\t\t\t\t\t<\/span>\n\t\t\t\t\t\t\t\t\t\t<span class=\"elementor-icon-list-text\">Celebra\u00e7\u00f5es que valorizam nossos times e a comunidade.<\/span>\n\t\t\t\t\t\t\t\t\t<\/li>\n\t\t\t\t\t\t<\/ul>\n\t\t\t\t\t\t<\/div>\n\t\t\t\t<\/div>\n\t\t\t\t<div class=\"elementor-element elementor-element-f8288a9 elementor-widget elementor-widget-heading\" data-id=\"f8288a9\" data-element_type=\"widget\" data-e-type=\"widget\" data-widget_type=\"heading.default\">\n\t\t\t\t<div class=\"elementor-widget-container\">\n\t\t\t\t\t<h2 class=\"elementor-heading-title elementor-size-default\">Tamb\u00e9m atuamos com projetos que promovem a inclus\u00e3o digital, como o Eleva Rede em S\u00e3o Domingos do Maranh\u00e3o-MA, com aulas ministradas por colaboradores volunt\u00e1rios, e a qualifica\u00e7\u00e3o profissional, com o PDMO - Programa de Desenvolvimento de M\u00e3o de Obra, em parceria com o SENAI, na mesma regi\u00e3o.<\/h2>\t\t\t\t<\/div>\n\t\t\t\t<\/div>\n\t\t\t\t<\/div>\n\t\t\t\t<\/div>\n\t\t\t\t<\/div>\n\t\t\t\t<\/div>\n\t\t","protected":false},"excerpt":{"rendered":"<p>RESPONSABILIDADE SOCIAL Impactamos positivamente as comunidades onde atuamos com a\u00e7\u00f5es que promovem o desenvolvimento sustent\u00e1vel e social, como: Doa\u00e7\u00f5es para Centros de Assist\u00eancia Social e Escolas Municipais; Apoio a eventos esportivos; Arrecada\u00e7\u00e3o para OSCs e reposi\u00e7\u00e3o florestal; A\u00e7\u00f5es de conscientiza\u00e7\u00e3o ambiental em escolas; Celebra\u00e7\u00f5es que valorizam nossos times e a comunidade. Tamb\u00e9m atuamos com projetos [&hellip;]<\/p>\n","protected":false},"author":3,"featured_media":0,"parent":0,"menu_order":0,"comment_status":"closed","ping_status":"closed","template":"","meta":{"_acf_changed":false,"pgc_sgb_lightbox_settings":"","footnotes":""},"class_list":["post-1890","page","type-page","status-publish","hentry"],"acf":[],"_links":{"self":[{"href":"https:\/\/construtoraelevacao.com.br\/apresentacao\/wp-json\/wp\/v2\/pages\/1890","targetHints":{"allow":["GET"]}}],"collection":[{"href":"https:\/\/construtoraelevacao.com.br\/apresentacao\/wp-json\/wp\/v2\/pages"}],"about":[{"href":"https:\/\/construtoraelevacao.com.br\/apresentacao\/wp-json\/wp\/v2\/types\/page"}],"author":[{"embeddable":true,"href":"https:\/\/construtoraelevacao.com.br\/apresentacao\/wp-json\/wp\/v2\/users\/3"}],"replies":[{"embeddable":true,"href":"https:\/\/construtoraelevacao.com.br\/apresentacao\/wp-json\/wp\/v2\/comments?post=1890"}],"version-history":[{"count":34,"href":"https:\/\/construtoraelevacao.com.br\/apresentacao\/wp-json\/wp\/v2\/pages\/1890\/revisions"}],"predecessor-version":[{"id":2630,"href":"https:\/\/construtoraelevacao.com.br\/apresentacao\/wp-json\/wp\/v2\/pages\/1890\/revisions\/2630"}],"wp:attachment":[{"href":"https:\/\/construtoraelevacao.com.br\/apresentacao\/wp-json\/wp\/v2\/media?parent=1890"}],"curies":[{"name":"wp","href":"https:\/\/api.w.org\/{rel}","templated":true}]}}